{"id":621,"date":"2022-09-08T09:12:29","date_gmt":"2022-09-08T09:12:29","guid":{"rendered":"https:\/\/tokasa.com.ec\/?page_id=621"},"modified":"2025-12-16T00:34:19","modified_gmt":"2025-12-16T05:34:19","slug":"nosotros","status":"publish","type":"page","link":"https:\/\/tokasa.com.ec\/en\/nosotros\/","title":{"rendered":"We"},"content":{"rendered":"<div data-elementor-type=\"wp-page\" data-elementor-id=\"621\" class=\"elementor elementor-621\">\n\t\t\t\t\t\t<section class=\"elementor-section elementor-top-section elementor-element elementor-element-7ceb80a6 elementor-section-boxed elementor-section-height-default elementor-section-height-default sc_fly_static\" data-id=\"7ceb80a6\" data-element_type=\"section\" data-e-type=\"section\">\n\t\t\t\t\t\t<div class=\"elementor-container elementor-column-gap-default\">\n\t\t\t\t\t<div class=\"elementor-column elementor-col-100 elementor-top-column elementor-element elementor-element-60a576ab scheme_default sc_content_align_inherit sc_layouts_column_icons_position_left sc_fly_static\" data-id=\"60a576ab\" data-element_type=\"column\" data-e-type=\"column\">\n\t\t\t<div class=\"elementor-widget-wrap elementor-element-populated\">\n\t\t\t\t\t\t<div class=\"elementor-element elementor-element-37354261 sc_height_huge sc_fly_static elementor-widget elementor-widget-spacer\" data-id=\"37354261\" data-element_type=\"widget\" data-e-type=\"widget\" data-widget_type=\"spacer.default\">\n\t\t\t\t<div class=\"elementor-widget-container\">\n\t\t\t\t\t\t\t<div class=\"elementor-spacer\">\n\t\t\t<div class=\"elementor-spacer-inner\"><\/div>\n\t\t<\/div>\n\t\t\t\t\t\t<\/div>\n\t\t\t\t<\/div>\n\t\t\t\t\t<\/div>\n\t\t<\/div>\n\t\t\t\t\t<\/div>\n\t\t<\/section>\n\t\t\t\t<section class=\"elementor-section elementor-top-section elementor-element elementor-element-2a579eb4 elementor-section-boxed elementor-section-height-default elementor-section-height-default sc_fly_static\" data-id=\"2a579eb4\" data-element_type=\"section\" data-e-type=\"section\">\n\t\t\t\t\t\t<div class=\"elementor-container elementor-column-gap-extended\">\n\t\t\t\t\t<div class=\"elementor-column elementor-col-50 elementor-top-column elementor-element elementor-element-9496d72 sc_content_align_inherit sc_layouts_column_icons_position_left sc_fly_static\" data-id=\"9496d72\" data-element_type=\"column\" data-e-type=\"column\">\n\t\t\t<div class=\"elementor-widget-wrap elementor-element-populated\">\n\t\t\t\t\t\t<div class=\"elementor-element elementor-element-221982a2 sc_fly_static elementor-widget elementor-widget-trx_sc_title\" data-id=\"221982a2\" data-element_type=\"widget\" data-e-type=\"widget\" data-widget_type=\"trx_sc_title.default\">\n\t\t\t\t<div class=\"elementor-widget-container\">\n\t\t\t\t\t<div\t\tclass=\"sc_title sc_title_default\" ><span class=\"sc_item_subtitle sc_title_subtitle sc_item_subtitle_above sc_item_title_style_default\">NOSOTROS<\/span><h1 class=\"sc_item_title sc_title_title sc_item_title_style_default sc_item_title_tag\"\n\t\t\t><span class=\"sc_item_title_text\">En Tokasa somos una marca ecuatoriana que nace del respeto por la tradici\u00f3n y el trabajo artesanal del Azuay.<\/span><\/h1><\/div>\t\t\t\t<\/div>\n\t\t\t\t<\/div>\n\t\t\t\t<div class=\"elementor-element elementor-element-75a32bab sc_fly_static elementor-widget elementor-widget-spacer\" data-id=\"75a32bab\" data-element_type=\"widget\" data-e-type=\"widget\" data-widget_type=\"spacer.default\">\n\t\t\t\t<div class=\"elementor-widget-container\">\n\t\t\t\t\t\t\t<div class=\"elementor-spacer\">\n\t\t\t<div class=\"elementor-spacer-inner\"><\/div>\n\t\t<\/div>\n\t\t\t\t\t\t<\/div>\n\t\t\t\t<\/div>\n\t\t\t\t<div class=\"elementor-element elementor-element-60705b55 no-title sc_fly_static elementor-widget elementor-widget-image\" data-id=\"60705b55\" data-element_type=\"widget\" data-e-type=\"widget\" data-widget_type=\"image.default\">\n\t\t\t\t<div class=\"elementor-widget-container\">\n\t\t\t\t\t\t\t\t\t\t\t\t\t\t\t<img fetchpriority=\"high\" decoding=\"async\" width=\"666\" height=\"922\" src=\"https:\/\/tokasa.com.ec\/wp-content\/uploads\/2024\/01\/new-about-2.jpg\" class=\"attachment-full size-full wp-image-1803\" alt=\"\" srcset=\"https:\/\/tokasa.com.ec\/wp-content\/uploads\/2024\/01\/new-about-2.jpg 666w, https:\/\/tokasa.com.ec\/wp-content\/uploads\/2024\/01\/new-about-2-217x300.jpg 217w, https:\/\/tokasa.com.ec\/wp-content\/uploads\/2024\/01\/new-about-2-370x512.jpg 370w, https:\/\/tokasa.com.ec\/wp-content\/uploads\/2024\/01\/new-about-2-410x568.jpg 410w, https:\/\/tokasa.com.ec\/wp-content\/uploads\/2024\/01\/new-about-2-600x831.jpg 600w\" sizes=\"(max-width: 666px) 100vw, 666px\" \/>\t\t\t\t\t\t\t\t\t\t\t\t\t\t\t<\/div>\n\t\t\t\t<\/div>\n\t\t\t\t\t<\/div>\n\t\t<\/div>\n\t\t\t\t<div class=\"elementor-column elementor-col-50 elementor-top-column elementor-element elementor-element-7a852bfa sc_content_align_inherit sc_layouts_column_icons_position_left sc_fly_static\" data-id=\"7a852bfa\" data-element_type=\"column\" data-e-type=\"column\">\n\t\t\t<div class=\"elementor-widget-wrap elementor-element-populated\">\n\t\t\t\t\t\t<div class=\"elementor-element elementor-element-789dc1bf no-title sc_fly_static elementor-widget elementor-widget-image\" data-id=\"789dc1bf\" data-element_type=\"widget\" data-e-type=\"widget\" data-widget_type=\"image.default\">\n\t\t\t\t<div class=\"elementor-widget-container\">\n\t\t\t\t\t\t\t\t\t\t\t\t\t\t\t<img decoding=\"async\" width=\"1024\" height=\"1024\" src=\"https:\/\/tokasa.com.ec\/wp-content\/uploads\/2025\/12\/entrada1bblog.webp\" class=\"attachment-full size-full wp-image-3456\" alt=\"\" srcset=\"https:\/\/tokasa.com.ec\/wp-content\/uploads\/2025\/12\/entrada1bblog.webp 1024w, https:\/\/tokasa.com.ec\/wp-content\/uploads\/2025\/12\/entrada1bblog-100x100.webp 100w, https:\/\/tokasa.com.ec\/wp-content\/uploads\/2025\/12\/entrada1bblog-730x730.webp 730w, https:\/\/tokasa.com.ec\/wp-content\/uploads\/2025\/12\/entrada1bblog-300x300.webp 300w, https:\/\/tokasa.com.ec\/wp-content\/uploads\/2025\/12\/entrada1bblog-150x150.webp 150w, https:\/\/tokasa.com.ec\/wp-content\/uploads\/2025\/12\/entrada1bblog-768x768.webp 768w, https:\/\/tokasa.com.ec\/wp-content\/uploads\/2025\/12\/entrada1bblog-370x370.webp 370w, https:\/\/tokasa.com.ec\/wp-content\/uploads\/2025\/12\/entrada1bblog-120x120.webp 120w, https:\/\/tokasa.com.ec\/wp-content\/uploads\/2025\/12\/entrada1bblog-840x840.webp 840w, https:\/\/tokasa.com.ec\/wp-content\/uploads\/2025\/12\/entrada1bblog-410x410.webp 410w, https:\/\/tokasa.com.ec\/wp-content\/uploads\/2025\/12\/entrada1bblog-460x460.webp 460w\" sizes=\"(max-width: 1024px) 100vw, 1024px\" \/>\t\t\t\t\t\t\t\t\t\t\t\t\t\t\t<\/div>\n\t\t\t\t<\/div>\n\t\t\t\t<div class=\"elementor-element elementor-element-bf67e03 sc_fly_static elementor-widget elementor-widget-spacer\" data-id=\"bf67e03\" data-element_type=\"widget\" data-e-type=\"widget\" data-widget_type=\"spacer.default\">\n\t\t\t\t<div class=\"elementor-widget-container\">\n\t\t\t\t\t\t\t<div class=\"elementor-spacer\">\n\t\t\t<div class=\"elementor-spacer-inner\"><\/div>\n\t\t<\/div>\n\t\t\t\t\t\t<\/div>\n\t\t\t\t<\/div>\n\t\t\t\t<div class=\"elementor-element elementor-element-8149ebf sc_fly_static elementor-widget elementor-widget-trx_sc_title\" data-id=\"8149ebf\" data-element_type=\"widget\" data-e-type=\"widget\" data-widget_type=\"trx_sc_title.default\">\n\t\t\t\t<div class=\"elementor-widget-container\">\n\t\t\t\t\t<div\t\tclass=\"sc_title sc_title_default\" ><h1 class=\"sc_item_title sc_title_title sc_item_title_style_default sc_item_title_tag\"\n\t\t\t><span class=\"sc_item_title_text\">Cada prenda, cada accesorio nos lleva a nuestras ra\u00edces<\/span><\/h1><\/div>\t\t\t\t<\/div>\n\t\t\t\t<\/div>\n\t\t\t\t\t<\/div>\n\t\t<\/div>\n\t\t\t\t\t<\/div>\n\t\t<\/section>\n\t\t\t\t<section class=\"elementor-section elementor-top-section elementor-element elementor-element-7d56f057 elementor-section-boxed elementor-section-height-default elementor-section-height-default sc_fly_static\" data-id=\"7d56f057\" data-element_type=\"section\" data-e-type=\"section\">\n\t\t\t\t\t\t<div class=\"elementor-container elementor-column-gap-extended\">\n\t\t\t\t\t<div class=\"elementor-column elementor-col-100 elementor-top-column elementor-element elementor-element-528b6c79 sc_content_align_center sc_layouts_column_icons_position_left sc_fly_static\" data-id=\"528b6c79\" data-element_type=\"column\" data-e-type=\"column\">\n\t\t\t<div class=\"elementor-widget-wrap elementor-element-populated\">\n\t\t\t\t\t\t<div class=\"elementor-element elementor-element-50d6ff81 sc_height_huge sc_fly_static elementor-widget elementor-widget-spacer\" data-id=\"50d6ff81\" data-element_type=\"widget\" data-e-type=\"widget\" data-widget_type=\"spacer.default\">\n\t\t\t\t<div class=\"elementor-widget-container\">\n\t\t\t\t\t\t\t<div class=\"elementor-spacer\">\n\t\t\t<div class=\"elementor-spacer-inner\"><\/div>\n\t\t<\/div>\n\t\t\t\t\t\t<\/div>\n\t\t\t\t<\/div>\n\t\t\t\t<div class=\"elementor-element elementor-element-49b02be9 elementor-widget__width-initial sc_fly_static elementor-widget elementor-widget-trx_sc_title\" data-id=\"49b02be9\" data-element_type=\"widget\" data-e-type=\"widget\" data-widget_type=\"trx_sc_title.default\">\n\t\t\t\t<div class=\"elementor-widget-container\">\n\t\t\t\t\t<div\t\tclass=\"sc_title sc_title_default\" ><span class=\"sc_item_subtitle sc_title_subtitle sc_align_center sc_item_subtitle_above sc_item_title_style_default\">\u00bfPORQU\u00c9 ELEGIRNOS?<\/span><h1 class=\"sc_item_title sc_title_title sc_align_center sc_item_title_style_default sc_item_title_tag sc_typed\"\n\t\t\t><span class=\"sc_item_title_text\">Creamos prendas textiles elaboradas con paja toquilla como <span class=\"sc_typed_entry trx_addons_inline_460377645\" data-strings=\"[&quot;bolsos&quot;,&quot;sombreros&quot;,&quot;diademas&quot;,&quot;faldas&quot;]\" data-loop=\"1\" data-cursor=\"0\" data-cursor-char=\"_\" data-speed=\"1\" data-delay=\"1\">bolsos<\/span><\/span><\/h1><\/div>\t\t\t\t<\/div>\n\t\t\t\t<\/div>\n\t\t\t\t<div class=\"elementor-element elementor-element-1f117228 sc_fly_static elementor-widget elementor-widget-spacer\" data-id=\"1f117228\" data-element_type=\"widget\" data-e-type=\"widget\" data-widget_type=\"spacer.default\">\n\t\t\t\t<div class=\"elementor-widget-container\">\n\t\t\t\t\t\t\t<div class=\"elementor-spacer\">\n\t\t\t<div class=\"elementor-spacer-inner\"><\/div>\n\t\t<\/div>\n\t\t\t\t\t\t<\/div>\n\t\t\t\t<\/div>\n\t\t\t\t<div class=\"elementor-element elementor-element-17dd80f5 sc_height_huge sc_fly_static elementor-widget elementor-widget-spacer\" data-id=\"17dd80f5\" data-element_type=\"widget\" data-e-type=\"widget\" data-widget_type=\"spacer.default\">\n\t\t\t\t<div class=\"elementor-widget-container\">\n\t\t\t\t\t\t\t<div class=\"elementor-spacer\">\n\t\t\t<div class=\"elementor-spacer-inner\"><\/div>\n\t\t<\/div>\n\t\t\t\t\t\t<\/div>\n\t\t\t\t<\/div>\n\t\t\t\t\t<\/div>\n\t\t<\/div>\n\t\t\t\t\t<\/div>\n\t\t<\/section>\n\t\t\t\t<section class=\"elementor-section elementor-top-section elementor-element elementor-element-d483cc6 elementor-section-boxed elementor-section-height-default elementor-section-height-default sc_fly_static\" data-id=\"d483cc6\" data-element_type=\"section\" data-e-type=\"section\" data-settings=\"{&quot;background_background&quot;:&quot;classic&quot;}\">\n\t\t\t\t\t\t<div class=\"elementor-container elementor-column-gap-default\">\n\t\t\t\t\t<div class=\"elementor-column elementor-col-100 elementor-top-column elementor-element elementor-element-2f99c21a scheme_default sc_content_align_inherit sc_layouts_column_icons_position_left sc_fly_static\" data-id=\"2f99c21a\" data-element_type=\"column\" data-e-type=\"column\">\n\t\t\t<div class=\"elementor-widget-wrap elementor-element-populated\">\n\t\t\t\t\t\t<div class=\"elementor-element elementor-element-72a8e12 sc_height_huge sc_fly_static elementor-widget elementor-widget-spacer\" data-id=\"72a8e12\" data-element_type=\"widget\" data-e-type=\"widget\" data-widget_type=\"spacer.default\">\n\t\t\t\t<div class=\"elementor-widget-container\">\n\t\t\t\t\t\t\t<div class=\"elementor-spacer\">\n\t\t\t<div class=\"elementor-spacer-inner\"><\/div>\n\t\t<\/div>\n\t\t\t\t\t\t<\/div>\n\t\t\t\t<\/div>\n\t\t\t\t\t<\/div>\n\t\t<\/div>\n\t\t\t\t\t<\/div>\n\t\t<\/section>\n\t\t\t\t<section class=\"elementor-section elementor-top-section elementor-element elementor-element-5011749b scheme_default elementor-section-boxed elementor-section-height-default elementor-section-height-default sc_fly_static\" data-id=\"5011749b\" data-element_type=\"section\" data-e-type=\"section\" data-settings=\"{&quot;background_background&quot;:&quot;classic&quot;}\">\n\t\t\t\t\t\t<div class=\"elementor-container elementor-column-gap-extended\">\n\t\t\t\t\t<div class=\"elementor-column elementor-col-50 elementor-top-column elementor-element elementor-element-400be885 sc_content_align_inherit sc_layouts_column_icons_position_left sc_fly_static\" data-id=\"400be885\" data-element_type=\"column\" data-e-type=\"column\">\n\t\t\t<div class=\"elementor-widget-wrap elementor-element-populated\">\n\t\t\t\t\t\t<div class=\"elementor-element elementor-element-1b524a84 sc_fly_static elementor-widget elementor-widget-trx_sc_title\" data-id=\"1b524a84\" data-element_type=\"widget\" data-e-type=\"widget\" data-widget_type=\"trx_sc_title.default\">\n\t\t\t\t<div class=\"elementor-widget-container\">\n\t\t\t\t\t<div\t\tclass=\"sc_title sc_title_default\" ><span class=\"sc_item_subtitle sc_title_subtitle sc_item_subtitle_above sc_item_title_style_default\">AMAMOS LO QUE HACEMOS<\/span><h1 class=\"sc_item_title sc_title_title sc_item_title_style_default sc_item_title_tag\"\n\t\t data-mouse-helper=\"highlight\"\t><span class=\"sc_item_title_text\">Cuidadosamente bordadas a mano<\/span><\/h1><div class=\"sc_item_descr sc_title_descr\"><p>por peque\u00f1os productores locales, manteniendo vivas t\u00e9cnicas ancestrales que forman parte de nuestra identidad cultural.<\/p>\n<\/div><\/div>\t\t\t\t<\/div>\n\t\t\t\t<\/div>\n\t\t\t\t<div class=\"elementor-element elementor-element-3790afb7 sc_fly_static elementor-widget elementor-widget-spacer\" data-id=\"3790afb7\" data-element_type=\"widget\" data-e-type=\"widget\" data-widget_type=\"spacer.default\">\n\t\t\t\t<div class=\"elementor-widget-container\">\n\t\t\t\t\t\t\t<div class=\"elementor-spacer\">\n\t\t\t<div class=\"elementor-spacer-inner\"><\/div>\n\t\t<\/div>\n\t\t\t\t\t\t<\/div>\n\t\t\t\t<\/div>\n\t\t\t\t<div class=\"elementor-element elementor-element-39e9a178 play_center elementor-widget-tablet__width-initial sc_fly_static elementor-widget elementor-widget-trx_sc_button\" data-id=\"39e9a178\" data-element_type=\"widget\" data-e-type=\"widget\" data-widget_type=\"trx_sc_button.default\">\n\t\t\t\t<div class=\"elementor-widget-container\">\n\t\t\t\t\t<div\tclass=\"sc_item_button sc_button_wrap\" ><a href=\"https:\/\/tokasa.com.ec\/en\/contacto\/\" class=\"sc_button sc_button_default mgn_bot sc_button_size_normal sc_button_icon_left\" ><span class=\"sc_button_text\"><span class=\"sc_button_title\">Cont\u00e1ctanos<\/span><\/span><\/a><\/div>\t\t\t\t<\/div>\n\t\t\t\t<\/div>\n\t\t\t\t\t<\/div>\n\t\t<\/div>\n\t\t\t\t<div class=\"elementor-column elementor-col-50 elementor-top-column elementor-element elementor-element-2763bc86 sc_content_align_inherit sc_layouts_column_icons_position_left sc_fly_static\" data-id=\"2763bc86\" data-element_type=\"column\" data-e-type=\"column\">\n\t\t\t<div class=\"elementor-widget-wrap elementor-element-populated\">\n\t\t\t\t\t\t<div class=\"elementor-element elementor-element-508be143 sc_layouts_hide_on_tablet sc_fly_static elementor-widget elementor-widget-spacer\" data-id=\"508be143\" data-element_type=\"widget\" data-e-type=\"widget\" data-widget_type=\"spacer.default\">\n\t\t\t\t<div class=\"elementor-widget-container\">\n\t\t\t\t\t\t\t<div class=\"elementor-spacer\">\n\t\t\t<div class=\"elementor-spacer-inner\"><\/div>\n\t\t<\/div>\n\t\t\t\t\t\t<\/div>\n\t\t\t\t<\/div>\n\t\t\t\t<section class=\"elementor-section elementor-inner-section elementor-element elementor-element-23bfc65e elementor-section-boxed elementor-section-height-default elementor-section-height-default sc_fly_static\" data-id=\"23bfc65e\" data-element_type=\"section\" data-e-type=\"section\">\n\t\t\t\t\t\t<div class=\"elementor-container elementor-column-gap-no\">\n\t\t\t\t\t<div class=\"elementor-column elementor-col-50 elementor-inner-column elementor-element elementor-element-2f67cb6a sc_content_align_inherit sc_layouts_column_icons_position_left sc_fly_static\" data-id=\"2f67cb6a\" data-element_type=\"column\" data-e-type=\"column\">\n\t\t\t<div class=\"elementor-widget-wrap elementor-element-populated\">\n\t\t\t\t\t\t<div class=\"elementor-element elementor-element-33a38a8d sc_fly_static elementor-widget elementor-widget-trx_sc_skills\" data-id=\"33a38a8d\" data-element_type=\"widget\" data-e-type=\"widget\" data-widget_type=\"trx_sc_skills.default\">\n\t\t\t\t<div class=\"elementor-widget-container\">\n\t\t\t\t\t<div\t\tclass=\"sc_skills sc_skills_counter_alter sc_skills_counter_style_counter\"\n\t\t\t\tdata-type=\"counter\" ><div class=\"sc_skills_column trx_addons_column-1_1\"><div class=\"sc_skills_item_wrap sc_skills_item_icon_position_top\"><div class=\"sc_skills_item\"><div class=\"sc_skills_total\" data-start=\"0\" data-stop=\"100\" data-step=\"1\" data-max=\"100\" data-speed=\"20\" data-duration=\"2000\" data-ed=\"+\" data-style=\"counter\">0+<\/div><\/div><\/div><\/div><\/div>\t\t\t\t<\/div>\n\t\t\t\t<\/div>\n\t\t\t\t\t<\/div>\n\t\t<\/div>\n\t\t\t\t<div class=\"elementor-column elementor-col-50 elementor-inner-column elementor-element elementor-element-6b767772 sc-mobile_layouts_column_align_left sc_layouts_column sc_content_align_inherit sc_layouts_column_icons_position_left sc_fly_static\" data-id=\"6b767772\" data-element_type=\"column\" data-e-type=\"column\">\n\t\t\t<div class=\"elementor-widget-wrap elementor-element-populated\">\n\t\t\t\t\t\t<div class=\"elementor-element elementor-element-63b29f34 sc_fly_static elementor-widget elementor-widget-trx_sc_title\" data-id=\"63b29f34\" data-element_type=\"widget\" data-e-type=\"widget\" data-widget_type=\"trx_sc_title.default\">\n\t\t\t\t<div class=\"elementor-widget-container\">\n\t\t\t\t\t<div\t\tclass=\"sc_title sc_title_default\" ><h5 class=\"sc_item_title sc_title_title sc_item_title_style_default sc_item_title_tag\"\n\t\t\t><span class=\"sc_item_title_text\">Prendas hechas a mano<\/span><\/h5><\/div>\t\t\t\t<\/div>\n\t\t\t\t<\/div>\n\t\t\t\t<div class=\"elementor-element elementor-element-59200295 sc_fly_static elementor-widget elementor-widget-spacer\" data-id=\"59200295\" data-element_type=\"widget\" data-e-type=\"widget\" data-widget_type=\"spacer.default\">\n\t\t\t\t<div class=\"elementor-widget-container\">\n\t\t\t\t\t\t\t<div class=\"elementor-spacer\">\n\t\t\t<div class=\"elementor-spacer-inner\"><\/div>\n\t\t<\/div>\n\t\t\t\t\t\t<\/div>\n\t\t\t\t<\/div>\n\t\t\t\t<div class=\"elementor-element elementor-element-45914e81 sc_fly_static elementor-widget elementor-widget-text-editor\" data-id=\"45914e81\" data-element_type=\"widget\" data-e-type=\"widget\" data-widget_type=\"text-editor.default\">\n\t\t\t\t<div class=\"elementor-widget-container\">\n\t\t\t\t\t\t\t\t\t<p>Cada pieza de Tokasa no solo est\u00e1 pensada para acompa\u00f1arte en tu d\u00eda a d\u00eda, sino tambi\u00e9n para generar un impacto positivo en las comunidades artesanas con las que trabajamos, promoviendo un crecimiento responsable, \u00e9tico y sostenible.<\/p>\t\t\t\t\t\t\t\t<\/div>\n\t\t\t\t<\/div>\n\t\t\t\t\t<\/div>\n\t\t<\/div>\n\t\t\t\t\t<\/div>\n\t\t<\/section>\n\t\t\t\t<section class=\"elementor-section elementor-inner-section elementor-element elementor-element-66325598 elementor-section-boxed elementor-section-height-default elementor-section-height-default sc_fly_static\" data-id=\"66325598\" data-element_type=\"section\" data-e-type=\"section\">\n\t\t\t\t\t\t<div class=\"elementor-container elementor-column-gap-no\">\n\t\t\t\t\t<div class=\"elementor-column elementor-col-100 elementor-inner-column elementor-element elementor-element-10052534 sc_content_align_inherit sc_layouts_column_icons_position_left sc_fly_static\" data-id=\"10052534\" data-element_type=\"column\" data-e-type=\"column\">\n\t\t\t<div class=\"elementor-widget-wrap elementor-element-populated\">\n\t\t\t\t\t\t<div class=\"elementor-element elementor-element-6182ebc2 sc_fly_static elementor-widget elementor-widget-spacer\" data-id=\"6182ebc2\" data-element_type=\"widget\" data-e-type=\"widget\" data-widget_type=\"spacer.default\">\n\t\t\t\t<div class=\"elementor-widget-container\">\n\t\t\t\t\t\t\t<div class=\"elementor-spacer\">\n\t\t\t<div class=\"elementor-spacer-inner\"><\/div>\n\t\t<\/div>\n\t\t\t\t\t\t<\/div>\n\t\t\t\t<\/div>\n\t\t\t\t\t<\/div>\n\t\t<\/div>\n\t\t\t\t\t<\/div>\n\t\t<\/section>\n\t\t\t\t<section class=\"elementor-section elementor-inner-section elementor-element elementor-element-66cd9638 elementor-section-boxed elementor-section-height-default elementor-section-height-default sc_fly_static\" data-id=\"66cd9638\" data-element_type=\"section\" data-e-type=\"section\">\n\t\t\t\t\t\t<div class=\"elementor-container elementor-column-gap-no\">\n\t\t\t\t\t<div class=\"elementor-column elementor-col-50 elementor-inner-column elementor-element elementor-element-658b31f4 sc_content_align_inherit sc_layouts_column_icons_position_left sc_fly_static\" data-id=\"658b31f4\" data-element_type=\"column\" data-e-type=\"column\">\n\t\t\t<div class=\"elementor-widget-wrap elementor-element-populated\">\n\t\t\t\t\t\t<div class=\"elementor-element elementor-element-68733332 sc_fly_static elementor-widget elementor-widget-trx_sc_skills\" data-id=\"68733332\" data-element_type=\"widget\" data-e-type=\"widget\" data-widget_type=\"trx_sc_skills.default\">\n\t\t\t\t<div class=\"elementor-widget-container\">\n\t\t\t\t\t<div\t\tclass=\"sc_skills sc_skills_counter_alter sc_skills_counter_style_counter\"\n\t\t\t\tdata-type=\"counter\" ><div class=\"sc_skills_column trx_addons_column-1_1\"><div class=\"sc_skills_item_wrap sc_skills_item_icon_position_top\"><div class=\"sc_skills_item\"><div class=\"sc_skills_total\" data-start=\"0\" data-stop=\"3200\" data-step=\"32\" data-max=\"3200\" data-speed=\"20\" data-duration=\"2000\" data-ed=\"\" data-style=\"counter\">0<\/div><\/div><\/div><\/div><\/div>\t\t\t\t<\/div>\n\t\t\t\t<\/div>\n\t\t\t\t\t<\/div>\n\t\t<\/div>\n\t\t\t\t<div class=\"elementor-column elementor-col-50 elementor-inner-column elementor-element elementor-element-3a1a3dd sc-mobile_layouts_column_align_left sc_layouts_column sc_content_align_inherit sc_layouts_column_icons_position_left sc_fly_static\" data-id=\"3a1a3dd\" data-element_type=\"column\" data-e-type=\"column\">\n\t\t\t<div class=\"elementor-widget-wrap elementor-element-populated\">\n\t\t\t\t\t\t<div class=\"elementor-element elementor-element-177913ab sc_fly_static elementor-widget elementor-widget-trx_sc_title\" data-id=\"177913ab\" data-element_type=\"widget\" data-e-type=\"widget\" data-widget_type=\"trx_sc_title.default\">\n\t\t\t\t<div class=\"elementor-widget-container\">\n\t\t\t\t\t<div\t\tclass=\"sc_title sc_title_default\" ><h5 class=\"sc_item_title sc_title_title sc_item_title_style_default sc_item_title_tag\"\n\t\t\t><span class=\"sc_item_title_text\">Clientes felices<\/span><\/h5><\/div>\t\t\t\t<\/div>\n\t\t\t\t<\/div>\n\t\t\t\t<div class=\"elementor-element elementor-element-418a1e22 sc_fly_static elementor-widget elementor-widget-spacer\" data-id=\"418a1e22\" data-element_type=\"widget\" data-e-type=\"widget\" data-widget_type=\"spacer.default\">\n\t\t\t\t<div class=\"elementor-widget-container\">\n\t\t\t\t\t\t\t<div class=\"elementor-spacer\">\n\t\t\t<div class=\"elementor-spacer-inner\"><\/div>\n\t\t<\/div>\n\t\t\t\t\t\t<\/div>\n\t\t\t\t<\/div>\n\t\t\t\t<div class=\"elementor-element elementor-element-1de9a16c sc_fly_static elementor-widget elementor-widget-text-editor\" data-id=\"1de9a16c\" data-element_type=\"widget\" data-e-type=\"widget\" data-widget_type=\"text-editor.default\">\n\t\t\t\t<div class=\"elementor-widget-container\">\n\t\t\t\t\t\t\t\t\t<p>en el valor de lo hecho a mano y en una moda consciente que conecta dise\u00f1o, historia y prop\u00f3sito<\/p>\t\t\t\t\t\t\t\t<\/div>\n\t\t\t\t<\/div>\n\t\t\t\t\t<\/div>\n\t\t<\/div>\n\t\t\t\t\t<\/div>\n\t\t<\/section>\n\t\t\t\t\t<\/div>\n\t\t<\/div>\n\t\t\t\t\t<\/div>\n\t\t<\/section>\n\t\t\t\t<section class=\"elementor-section elementor-top-section elementor-element elementor-element-47eda23 elementor-section-boxed elementor-section-height-default elementor-section-height-default sc_fly_static\" data-id=\"47eda23\" data-element_type=\"section\" data-e-type=\"section\" data-settings=\"{&quot;background_background&quot;:&quot;classic&quot;}\">\n\t\t\t\t\t\t<div class=\"elementor-container elementor-column-gap-default\">\n\t\t\t\t\t<div class=\"elementor-column elementor-col-100 elementor-top-column elementor-element elementor-element-c4c2bf4 scheme_default sc_content_align_inherit sc_layouts_column_icons_position_left sc_fly_static\" data-id=\"c4c2bf4\" data-element_type=\"column\" data-e-type=\"column\">\n\t\t\t<div class=\"elementor-widget-wrap elementor-element-populated\">\n\t\t\t\t\t\t<div class=\"elementor-element elementor-element-55e2704 sc_height_huge sc_fly_static elementor-widget elementor-widget-spacer\" data-id=\"55e2704\" data-element_type=\"widget\" data-e-type=\"widget\" data-widget_type=\"spacer.default\">\n\t\t\t\t<div class=\"elementor-widget-container\">\n\t\t\t\t\t\t\t<div class=\"elementor-spacer\">\n\t\t\t<div class=\"elementor-spacer-inner\"><\/div>\n\t\t<\/div>\n\t\t\t\t\t\t<\/div>\n\t\t\t\t<\/div>\n\t\t\t\t\t<\/div>\n\t\t<\/div>\n\t\t\t\t\t<\/div>\n\t\t<\/section>\n\t\t\t\t<\/div>","protected":false},"excerpt":{"rendered":"<p>NOSOTROS En Tokasa somos una marca ecuatoriana que nace del respeto por la tradici\u00f3n y el trabajo artesanal del Azuay. Cada prenda, cada accesorio nos lleva a nuestras ra\u00edces \u00bfPORQU\u00c9&hellip;<\/p>","protected":false},"author":1,"featured_media":0,"parent":0,"menu_order":0,"comment_status":"closed","ping_status":"closed","template":"","meta":{"_monsterinsights_skip_tracking":false,"_monsterinsights_sitenote_active":false,"_monsterinsights_sitenote_note":"","_monsterinsights_sitenote_category":0,"footnotes":""},"class_list":["post-621","page","type-page","status-publish","hentry"],"_hostinger_reach_plugin_has_subscription_block":false,"_hostinger_reach_plugin_is_elementor":false,"_links":{"self":[{"href":"https:\/\/tokasa.com.ec\/en\/wp-json\/wp\/v2\/pages\/621","targetHints":{"allow":["GET"]}}],"collection":[{"href":"https:\/\/tokasa.com.ec\/en\/wp-json\/wp\/v2\/pages"}],"about":[{"href":"https:\/\/tokasa.com.ec\/en\/wp-json\/wp\/v2\/types\/page"}],"author":[{"embeddable":true,"href":"https:\/\/tokasa.com.ec\/en\/wp-json\/wp\/v2\/users\/1"}],"replies":[{"embeddable":true,"href":"https:\/\/tokasa.com.ec\/en\/wp-json\/wp\/v2\/comments?post=621"}],"version-history":[{"count":46,"href":"https:\/\/tokasa.com.ec\/en\/wp-json\/wp\/v2\/pages\/621\/revisions"}],"predecessor-version":[{"id":3790,"href":"https:\/\/tokasa.com.ec\/en\/wp-json\/wp\/v2\/pages\/621\/revisions\/3790"}],"wp:attachment":[{"href":"https:\/\/tokasa.com.ec\/en\/wp-json\/wp\/v2\/media?parent=621"}],"curies":[{"name":"wp","href":"https:\/\/api.w.org\/{rel}","templated":true}]}}