{"id":3323,"date":"2025-12-05T05:21:39","date_gmt":"2025-12-05T05:21:39","guid":{"rendered":"https:\/\/tokasa.com.ec\/?post_type=product&#038;p=3323"},"modified":"2025-12-12T18:25:14","modified_gmt":"2025-12-12T23:25:14","slug":"sombrero-tokasa-inti-kakana","status":"publish","type":"product","link":"https:\/\/tokasa.com.ec\/en\/product\/sombrero-tokasa-inti-kakana\/","title":{"rendered":"Tokasa Inti-Kakana Hat"},"content":{"rendered":"<p>Sombreros de paja toquilla hechos a mano en Azuay Ecuador. Dise\u00f1os tejidos y acabados personalizables.<\/p>","protected":false},"excerpt":{"rendered":"<p>Banda con dise\u00f1o de chacana y ma\u00edz (sabidur\u00eda y abundancia).<br \/>\nMolde base: Fedora, tradicional de Cuenca Ecuador. Producto 100% hecho a mano<\/p>","protected":false},"featured_media":3326,"comment_status":"open","ping_status":"closed","template":"","meta":{"_monsterinsights_skip_tracking":false,"_monsterinsights_sitenote_active":false,"_monsterinsights_sitenote_note":"","_monsterinsights_sitenote_category":0},"product_brand":[],"product_cat":[183],"product_tag":[186,185,184],"class_list":{"0":"post-3323","1":"product","2":"type-product","3":"status-publish","4":"has-post-thumbnail","6":"product_cat-sombreros-paja-toquilla","7":"product_tag-fedora","8":"product_tag-paja-toquilla","9":"product_tag-sombrero","11":"first","12":"instock","13":"taxable","14":"shipping-taxable","15":"purchasable","16":"product-type-variable","17":"has-default-attributes"},"_links":{"self":[{"href":"https:\/\/tokasa.com.ec\/en\/wp-json\/wp\/v2\/product\/3323","targetHints":{"allow":["GET"]}}],"collection":[{"href":"https:\/\/tokasa.com.ec\/en\/wp-json\/wp\/v2\/product"}],"about":[{"href":"https:\/\/tokasa.com.ec\/en\/wp-json\/wp\/v2\/types\/product"}],"replies":[{"embeddable":true,"href":"https:\/\/tokasa.com.ec\/en\/wp-json\/wp\/v2\/comments?post=3323"}],"wp:featuredmedia":[{"embeddable":true,"href":"https:\/\/tokasa.com.ec\/en\/wp-json\/wp\/v2\/media\/3326"}],"wp:attachment":[{"href":"https:\/\/tokasa.com.ec\/en\/wp-json\/wp\/v2\/media?parent=3323"}],"wp:term":[{"taxonomy":"product_brand","embeddable":true,"href":"https:\/\/tokasa.com.ec\/en\/wp-json\/wp\/v2\/product_brand?post=3323"},{"taxonomy":"product_cat","embeddable":true,"href":"https:\/\/tokasa.com.ec\/en\/wp-json\/wp\/v2\/product_cat?post=3323"},{"taxonomy":"product_tag","embeddable":true,"href":"https:\/\/tokasa.com.ec\/en\/wp-json\/wp\/v2\/product_tag?post=3323"}],"curies":[{"name":"wp","href":"https:\/\/api.w.org\/{rel}","templated":true}]}}