{"id":3626,"date":"2025-12-12T16:58:09","date_gmt":"2025-12-12T21:58:09","guid":{"rendered":"https:\/\/tokasa.com.ec\/?post_type=product&#038;p=3626"},"modified":"2026-04-29T11:45:22","modified_gmt":"2026-04-29T16:45:22","slug":"diademas-tokasa-paja-toquilla","status":"publish","type":"product","link":"https:\/\/tokasa.com.ec\/en\/product\/diademas-tokasa-paja-toquilla\/","title":{"rendered":"DIADEMAS"},"content":{"rendered":"<p>Nuestros cintillos nacen de la inspiraci\u00f3n en la pollera de la chola cuencana, reinterpretando su riqueza textil en piezas contempor\u00e1neas. Elaborados en terciopelo y bordados a mano, cada dise\u00f1o incorpora simbolog\u00eda andina: flores que representan vida y abundancia, y formas que conectan con la tierra y la memoria ancestral. M\u00e1s que un accesorio, son una expresi\u00f3n de identidad y herencia cultural, transformada en elegancia moderna a trav\u00e9s de un trabajo hecho a mano con intenci\u00f3n y respeto por nuestras ra\u00edces.<\/p>","protected":false},"excerpt":{"rendered":"<p>Cintillos inspirados en la pollera de la chola cuencana, elaborados en terciopelo y bordados a mano con simbolog\u00eda andina. Una pieza que fusiona tradici\u00f3n, identidad y elegancia en cada detalle.<\/p>","protected":false},"featured_media":3953,"comment_status":"open","ping_status":"closed","template":"","meta":{"_monsterinsights_skip_tracking":false,"_monsterinsights_sitenote_active":false,"_monsterinsights_sitenote_note":"","_monsterinsights_sitenote_category":0},"product_brand":[],"product_cat":[198],"product_tag":[200,185],"class_list":{"0":"post-3626","1":"product","2":"type-product","3":"status-publish","4":"has-post-thumbnail","6":"product_cat-diademas","7":"product_tag-diadema","8":"product_tag-paja-toquilla","10":"first","11":"instock","12":"taxable","13":"shipping-taxable","14":"purchasable","15":"product-type-simple"},"_links":{"self":[{"href":"https:\/\/tokasa.com.ec\/en\/wp-json\/wp\/v2\/product\/3626","targetHints":{"allow":["GET"]}}],"collection":[{"href":"https:\/\/tokasa.com.ec\/en\/wp-json\/wp\/v2\/product"}],"about":[{"href":"https:\/\/tokasa.com.ec\/en\/wp-json\/wp\/v2\/types\/product"}],"replies":[{"embeddable":true,"href":"https:\/\/tokasa.com.ec\/en\/wp-json\/wp\/v2\/comments?post=3626"}],"wp:featuredmedia":[{"embeddable":true,"href":"https:\/\/tokasa.com.ec\/en\/wp-json\/wp\/v2\/media\/3953"}],"wp:attachment":[{"href":"https:\/\/tokasa.com.ec\/en\/wp-json\/wp\/v2\/media?parent=3626"}],"wp:term":[{"taxonomy":"product_brand","embeddable":true,"href":"https:\/\/tokasa.com.ec\/en\/wp-json\/wp\/v2\/product_brand?post=3626"},{"taxonomy":"product_cat","embeddable":true,"href":"https:\/\/tokasa.com.ec\/en\/wp-json\/wp\/v2\/product_cat?post=3626"},{"taxonomy":"product_tag","embeddable":true,"href":"https:\/\/tokasa.com.ec\/en\/wp-json\/wp\/v2\/product_tag?post=3626"}],"curies":[{"name":"wp","href":"https:\/\/api.w.org\/{rel}","templated":true}]}}